{"id":7070,"date":"2021-08-30T13:44:13","date_gmt":"2021-08-30T10:44:13","guid":{"rendered":"https:\/\/legalrun.ro\/social-causes\/"},"modified":"2023-02-14T15:04:34","modified_gmt":"2023-02-14T13:04:34","slug":"social-causes","status":"publish","type":"page","link":"https:\/\/legalrun.ro\/en\/social-causes\/","title":{"rendered":"Social causes"},"content":{"rendered":"<p>[vc_row][vc_column][\/vc_column][\/vc_row][vc_row][vc_column width=&#8221;1\/2&#8243;][vc_gallery interval=&#8221;3&#8243; images=&#8221;7193&#8243; img_size=&#8221;medium&#8221;]<div class=\"mkdf-section-title-holder  \" >\n\t<div class=\"mkdf-st-inner\">\n\t\t\t\t\t<h6 class=\"mkdf-st-tagline\" >\n\t\t\t\tAsociatia\t\t\t<\/h6>\n\t\t\t\t\t\t\t<h3 class=\"mkdf-st-title\" >\n\t\t\t\tHOSPICE Casa Sperantei\t\t\t\t<span class=\"mkdf-st-title-mark\" ><\/span>\n\t\t\t<\/h3>\n\t\t\t\t\t\t\t<div class=\"mkdf-st-separator\" ><\/div>\n\t\t\t\t\t\t\t<h5 class=\"mkdf-st-subtitle\" >\n\t\t\t\tHOSPICE este cea mai mare funda\u021bie din \u021bar\u0103 care ofer\u0103 gratuit servicii de \u00eengrijire paliativ\u0103. Organiza\u021bia are dou\u0103 centre cu servicii integrate, \u00een Bra\u0219ov \u0219i Bucure\u0219ti, \u0219i echipe mobile \u00een F\u0103g\u0103ra\u0219 \u0219i Z\u0103rne\u0219ti.\t\t\t<\/h5>\n\t\t\t\t\t<\/div>\n<\/div>[vc_empty_space][vc_row_inner css=&#8221;.vc_custom_1631696686319{margin-top: 15px !important;}&#8221;][vc_column_inner width=&#8221;1\/2&#8243;]<a itemprop=\"url\" href=\"https:\/\/legalrun.ro\/cauze-sociale\/hospice\/\" target=\"_self\" style=\"margin: 5px 15px 5px 0px;padding: 5px 15px\" class=\"mkdf-btn mkdf-btn-small mkdf-btn-outline\"  >\n    \t        \t<span class=\"mkdf-btn-text\">Details<\/span>\n\t<\/a>[\/vc_column_inner][vc_column_inner width=&#8221;1\/2&#8243;]<a itemprop=\"url\" href=\"https:\/\/www.hospice.ro\/doneaza\/\" target=\"_blank\"  class=\"mkdf-btn mkdf-btn-small mkdf-btn-outline\"  >\n    \t        \t<span class=\"mkdf-btn-text\">Donate<\/span>\n\t<\/a>[\/vc_column_inner][\/vc_row_inner][\/vc_column][vc_column width=&#8221;1\/2&#8243;][vc_gallery interval=&#8221;3&#8243; images=&#8221;6992&#8243; img_size=&#8221;460&#215;260&#8243;]<div class=\"mkdf-section-title-holder  \" >\n\t<div class=\"mkdf-st-inner\">\n\t\t\t\t\t<h6 class=\"mkdf-st-tagline\" >\n\t\t\t\tAsociatia\t\t\t<\/h6>\n\t\t\t\t\t\t\t<h3 class=\"mkdf-st-title\" >\n\t\t\t\tAutism Voice\t\t\t\t<span class=\"mkdf-st-title-mark\" ><\/span>\n\t\t\t<\/h3>\n\t\t\t\t\t\t\t<div class=\"mkdf-st-separator\" ><\/div>\n\t\t\t\t\t\t\t<h5 class=\"mkdf-st-subtitle\" >\n\t\t\t\tMisiunea asocia\u021biei Autism Voice, \u00eenc\u0103 din 2008, este de a dezvolta \u0219i a oferi, la nivel na\u021bional, cei mai buni speciali\u0219ti \u0219i cele mai bune programe de recuperare \u0219i integrare a copiilor cu tulbur\u0103ri din spectrul autist sau comportamentale.\t\t\t<\/h5>\n\t\t\t\t\t<\/div>\n<\/div>[vc_empty_space][vc_row_inner css=&#8221;.vc_custom_1631696686319{margin-top: 15px !important;}&#8221;][vc_column_inner width=&#8221;1\/2&#8243;]<a itemprop=\"url\" href=\"https:\/\/legalrun.ro\/cauze-sociale\/autism-voice\/\" target=\"_self\" style=\"margin: 5px 15px 5px 0px;padding: 5px 15px\" class=\"mkdf-btn mkdf-btn-small mkdf-btn-outline\"  >\n    \t        \t<span class=\"mkdf-btn-text\">Details<\/span>\n\t<\/a>[\/vc_column_inner][vc_column_inner width=&#8221;1\/2&#8243;]<a itemprop=\"url\" href=\"https:\/\/autismvoice.ro\/doneaza\/\" target=\"_blank\"  class=\"mkdf-btn mkdf-btn-small mkdf-btn-outline\"  >\n    \t        \t<span class=\"mkdf-btn-text\">Donate<\/span>\n\t<\/a>[\/vc_column_inner][\/vc_row_inner][\/vc_column][\/vc_row][vc_row][vc_column][vc_separator css=&#8221;.vc_custom_1631870896225{margin-top: 80px !important;margin-bottom: 100px !important;}&#8221;][\/vc_column][\/vc_row][vc_row][vc_column width=&#8221;1\/2&#8243;][vc_gallery interval=&#8221;3&#8243; images=&#8221;6991&#8243; img_size=&#8221;medium&#8221;]<div class=\"mkdf-section-title-holder  \" >\n\t<div class=\"mkdf-st-inner\">\n\t\t\t\t\t<h6 class=\"mkdf-st-tagline\" >\n\t\t\t\tAsociatia\t\t\t<\/h6>\n\t\t\t\t\t\t\t<h3 class=\"mkdf-st-title\" >\n\t\t\t\tAtelierul de Bine\t\t\t\t<span class=\"mkdf-st-title-mark\" ><\/span>\n\t\t\t<\/h3>\n\t\t\t\t\t\t\t<div class=\"mkdf-st-separator\" ><\/div>\n\t\t\t\t\t\t\t<h5 class=\"mkdf-st-subtitle\" >\n\t\t\t\tAsocia\u021bia Atelierul de Bine este o organiza\u021bie non-profit care sprijin\u0103 educa\u021bia copiilor defavoriza\u021bi din mediul rural.\t\t\t<\/h5>\n\t\t\t\t\t<\/div>\n<\/div>[vc_empty_space][vc_row_inner css=&#8221;.vc_custom_1631696686319{margin-top: 15px !important;}&#8221;][vc_column_inner width=&#8221;1\/2&#8243;]<a itemprop=\"url\" href=\"https:\/\/legalrun.ro\/cauze-sociale\/atelierul-de-bine\/\" target=\"_self\" style=\"margin: 5px 15px 5px 0px;padding: 5px 15px\" class=\"mkdf-btn mkdf-btn-small mkdf-btn-outline\"  >\n    \t        \t<span class=\"mkdf-btn-text\">Details<\/span>\n\t<\/a>[\/vc_column_inner][vc_column_inner width=&#8221;1\/2&#8243;]<a itemprop=\"url\" href=\"http:\/\/atelieruldebine.ro\/cum-pot-sa-ajut\/\" target=\"_blank\"  class=\"mkdf-btn mkdf-btn-small mkdf-btn-outline\"  >\n    \t        \t<span class=\"mkdf-btn-text\">Donate<\/span>\n\t<\/a>[\/vc_column_inner][\/vc_row_inner][\/vc_column][vc_column width=&#8221;1\/2&#8243;][vc_gallery interval=&#8221;3&#8243; images=&#8221;6982,6983,6984&#8243; img_size=&#8221;400&#215;200&#8243;]<div class=\"mkdf-section-title-holder  \" >\n\t<div class=\"mkdf-st-inner\">\n\t\t\t\t\t<h6 class=\"mkdf-st-tagline\" >\n\t\t\t\tAsociatia\t\t\t<\/h6>\n\t\t\t\t\t\t\t<h3 class=\"mkdf-st-title\" >\n\t\t\t\tThe Social Incubator\t\t\t\t<span class=\"mkdf-st-title-mark\" ><\/span>\n\t\t\t<\/h3>\n\t\t\t\t\t\t\t<div class=\"mkdf-st-separator\" ><\/div>\n\t\t\t\t\t\t\t<h5 class=\"mkdf-st-subtitle\" >\n\t\t\t\tSuntem o echip\u0103 de oameni tineri, dedica\u0163i, energici \u0219i buni profesioni\u015fti care \u020bmp\u0103rt\u0103\u015fesc viziunea de a le oferi tinerilor vulnerabili acces la sprijin, resurse \u015fi oportunit\u0103\u021bi care s\u0103 \u020bi modeleze. Credem din tot sufletul c\u0103 doar a\u0219a ei \u00een\u0219i\u0219i pot deveni motoare ale schimb\u0103rii.\t\t\t<\/h5>\n\t\t\t\t\t<\/div>\n<\/div>[vc_row_inner css=&#8221;.vc_custom_1631696686319{margin-top: 15px !important;}&#8221;][vc_column_inner width=&#8221;1\/2&#8243;]<a itemprop=\"url\" href=\"https:\/\/legalrun.ro\/cauze-sociale\/social-incubator\/\" target=\"_self\" style=\"margin: 5px 15px 5px 0px;padding: 5px 15px\" class=\"mkdf-btn mkdf-btn-small mkdf-btn-outline\"  >\n    \t        \t<span class=\"mkdf-btn-text\">Details<\/span>\n\t<\/a>[\/vc_column_inner][vc_column_inner width=&#8221;1\/2&#8243;]<a itemprop=\"url\" href=\"https:\/\/asociatiasocialincubator.org\/doneaza\/\" target=\"_blank\" style=\"margin: 0px 15px 0px 0px\" class=\"mkdf-btn mkdf-btn-small mkdf-btn-outline\"  >\n    \t        \t<span class=\"mkdf-btn-text\">Donate<\/span>\n\t<\/a>[\/vc_column_inner][\/vc_row_inner][\/vc_column][\/vc_row][vc_row][vc_column][vc_separator css=&#8221;.vc_custom_1631870896225{margin-top: 80px !important;margin-bottom: 100px !important;}&#8221;][\/vc_column][\/vc_row][vc_row][vc_column width=&#8221;1\/2&#8243;][vc_gallery interval=&#8221;3&#8243; images=&#8221;6985&#8243; img_size=&#8221;medium&#8221;]<div class=\"mkdf-section-title-holder  \" >\n\t<div class=\"mkdf-st-inner\">\n\t\t\t\t\t<h6 class=\"mkdf-st-tagline\" >\n\t\t\t\tAsociatia\t\t\t<\/h6>\n\t\t\t\t\t\t\t<h3 class=\"mkdf-st-title\" >\n\t\t\t\tFabrica de daruri\t\t\t\t<span class=\"mkdf-st-title-mark\" ><\/span>\n\t\t\t<\/h3>\n\t\t\t\t\t\t\t<div class=\"mkdf-st-separator\" ><\/div>\n\t\t\t\t\t\t\t<h5 class=\"mkdf-st-subtitle\" >\n\t\t\t\tUn proiect de suflet initiat de GINA NEACSU acum 8 luni, care s-a extins de la luna la luna, cu implicarea oamenilor cu inima mare, pentru a sprijini familiile mai putin norocoase din imprejurimile Bucurestiului, dar si periodic, din alte orase, cu alimente, rechizite, imbracaminte, incaltaminte, produse de ingrijire si de curatenie.\t\t\t<\/h5>\n\t\t\t\t\t<\/div>\n<\/div>[vc_empty_space][vc_row_inner css=&#8221;.vc_custom_1631696686319{margin-top: 15px !important;}&#8221;][vc_column_inner width=&#8221;1\/2&#8243;]<a itemprop=\"url\" href=\"https:\/\/legalrun.ro\/cauze-sociale\/fabrica-de-daruri\/\" target=\"_self\" style=\"margin: 5px 15px 5px 0px;padding: 5px 15px\" class=\"mkdf-btn mkdf-btn-small mkdf-btn-outline\"  >\n    \t        \t<span class=\"mkdf-btn-text\">Details<\/span>\n\t<\/a>[\/vc_column_inner][vc_column_inner width=&#8221;1\/2&#8243;]<a itemprop=\"url\" href=\"https:\/\/www.facebook.com\/groups\/358434255532345\/\" target=\"_blank\"  class=\"mkdf-btn mkdf-btn-small mkdf-btn-outline\"  >\n    \t        \t<span class=\"mkdf-btn-text\">Facebook page<\/span>\n\t<\/a>[\/vc_column_inner][\/vc_row_inner][\/vc_column][vc_column width=&#8221;1\/2&#8243;][vc_gallery interval=&#8221;3&#8243; images=&#8221;6990&#8243; img_size=&#8221;large&#8221;]<div class=\"mkdf-section-title-holder  \" >\n\t<div class=\"mkdf-st-inner\">\n\t\t\t\t\t<h6 class=\"mkdf-st-tagline\" >\n\t\t\t\tAsociatia\t\t\t<\/h6>\n\t\t\t\t\t\t\t<h3 class=\"mkdf-st-title\" >\n\t\t\t\tAvatar\t\t\t\t<span class=\"mkdf-st-title-mark\" ><\/span>\n\t\t\t<\/h3>\n\t\t\t\t\t\t\t<div class=\"mkdf-st-separator\" ><\/div>\n\t\t\t\t\t\t\t<h5 class=\"mkdf-st-subtitle\" >\n\t\t\t\tPrin dona\u021bia ta po\u021bi sus\u021bine continuarea activit\u0103\u021bilor \u0219i pentru al\u021bi tineri neauzitori din Bucure\u0219ti. \u00cen Rom\u00e2nia exist\u0103 aproape 2000 de copii \u0219i tineri surzi, c\u00e2teva sute dintre ei fiind \u00eenscri\u0219i \u00een \u0219colile speciale din capital\u0103. \u00cen total, \u00een Rom\u00e2nia sunt peste 23.000 de persoane f\u0103r\u0103 auz.\t\t\t<\/h5>\n\t\t\t\t\t<\/div>\n<\/div>[vc_empty_space][vc_row_inner css=&#8221;.vc_custom_1631696686319{margin-top: 15px !important;}&#8221;][vc_column_inner width=&#8221;1\/2&#8243;]<a itemprop=\"url\" href=\"https:\/\/legalrun.ro\/cauze-sociale\/asociatia-avatar\/\" target=\"_self\" style=\"margin: 5px 15px 5px 0px;padding: 5px 15px\" class=\"mkdf-btn mkdf-btn-small mkdf-btn-outline\"  >\n    \t        \t<span class=\"mkdf-btn-text\">Details<\/span>\n\t<\/a>[\/vc_column_inner][vc_column_inner width=&#8221;1\/2&#8243;]<a itemprop=\"url\" href=\"https:\/\/asociatia-avatar.ro\/doneaza-online\/#\" target=\"_blank\"  class=\"mkdf-btn mkdf-btn-small mkdf-btn-outline\"  >\n    \t        \t<span class=\"mkdf-btn-text\">Donate<\/span>\n\t<\/a>[\/vc_column_inner][\/vc_row_inner][\/vc_column][\/vc_row][vc_row][vc_column][vc_separator css=&#8221;.vc_custom_1631870896225{margin-top: 80px !important;margin-bottom: 100px !important;}&#8221;][\/vc_column][\/vc_row][vc_row][vc_column width=&#8221;1\/2&#8243;][vc_gallery interval=&#8221;3&#8243; images=&#8221;7558&#8243; img_size=&#8221;medium&#8221;]<div class=\"mkdf-section-title-holder  \" >\n\t<div class=\"mkdf-st-inner\">\n\t\t\t\t\t\t\t<h3 class=\"mkdf-st-title\" >\n\t\t\t\tN-avem sange\t\t\t\t<span class=\"mkdf-st-title-mark\" ><\/span>\n\t\t\t<\/h3>\n\t\t\t\t\t\t\t<div class=\"mkdf-st-separator\" ><\/div>\n\t\t\t\t\t\t\t<h5 class=\"mkdf-st-subtitle\" >\n\t\t\t\tEste un program derulat de Asociatia HEM, pentru Institutul Na\u021bional de Transfuzie Sanguin\u0103 si reprezinta un demers amplu, desfasurat la nivel national, pentru sprijinirea donarii voluntare de sange.\t\t\t<\/h5>\n\t\t\t\t\t<\/div>\n<\/div>[vc_empty_space][vc_row_inner css=&#8221;.vc_custom_1631696686319{margin-top: 15px !important;}&#8221;][vc_column_inner width=&#8221;1\/2&#8243;]<a itemprop=\"url\" href=\"https:\/\/legalrun.ro\/cauze-sociale\/n-avem-sange\/\" target=\"_self\" style=\"margin: 5px 15px 5px 0px;padding: 5px 15px\" class=\"mkdf-btn mkdf-btn-small mkdf-btn-outline\"  >\n    \t        \t<span class=\"mkdf-btn-text\">Details<\/span>\n\t<\/a>[\/vc_column_inner][vc_column_inner width=&#8221;1\/2&#8243;]<a itemprop=\"url\" href=\"https:\/\/n-avemsange.ro\/doneaza-online\/\" target=\"_blank\"  class=\"mkdf-btn mkdf-btn-small mkdf-btn-outline\"  >\n    \t        \t<span class=\"mkdf-btn-text\">Donate online<\/span>\n\t<\/a>[\/vc_column_inner][\/vc_row_inner][\/vc_column][vc_column width=&#8221;1\/2&#8243;][vc_gallery interval=&#8221;3&#8243; images=&#8221;7640&#8243; img_size=&#8221;medium&#8221; css=&#8221;.vc_custom_1676379243289{padding-top: 50px !important;padding-bottom: 60px !important;}&#8221;]<div class=\"mkdf-section-title-holder  \" >\n\t<div class=\"mkdf-st-inner\">\n\t\t\t\t\t\t\t<h3 class=\"mkdf-st-title\" >\n\t\t\t\tAsocia\u021bia pentru Victimele Infrac\u021biunilor Sexuale\t\t\t\t<span class=\"mkdf-st-title-mark\" ><\/span>\n\t\t\t<\/h3>\n\t\t\t\t\t\t\t<div class=\"mkdf-st-separator\" ><\/div>\n\t\t\t\t\t\t\t<h5 class=\"mkdf-st-subtitle\" >\n\t\t\t\tAlearg\u0103, al\u0103turi de noi, la Legal-Half Marathon pe 26 martie 2023 \u0219i doneaz\u0103, ca s\u0103 realiz\u0103m \u00eempreun\u0103 #LocdeBine No. 9, un spa\u021biu special pentru audierea copiilor la Judec\u0103toria Constan\u021ba.\t\t\t<\/h5>\n\t\t\t\t\t<\/div>\n<\/div>[vc_empty_space][vc_row_inner css=&#8221;.vc_custom_1631696686319{margin-top: 15px !important;}&#8221;][vc_column_inner width=&#8221;1\/2&#8243;]<a itemprop=\"url\" href=\"https:\/\/legalrun.ro\/cauze-sociale\/asociatia-pentru-victimele-infractiunilor-sexuale\/\" target=\"_self\" style=\"margin: 5px 15px 5px 0px;padding: 5px 15px\" class=\"mkdf-btn mkdf-btn-small mkdf-btn-outline\"  >\n    \t        \t<span class=\"mkdf-btn-text\">Details<\/span>\n\t<\/a>[\/vc_column_inner][vc_column_inner width=&#8221;1\/2&#8243;][\/vc_column_inner][\/vc_row_inner][\/vc_column][\/vc_row][vc_row][vc_column width=&#8221;1\/2&#8243;][\/vc_column][vc_column width=&#8221;1\/2&#8243;][\/vc_column][\/vc_row][vc_row][vc_column][vc_empty_space height=&#8221;50px&#8221;][\/vc_column][\/vc_row]<\/p>\n","protected":false},"excerpt":{"rendered":"<p>[vc_row][vc_column][\/vc_column][\/vc_row][vc_row][vc_column width=&#8221;1\/2&#8243;][vc_gallery interval=&#8221;3&#8243; images=&#8221;7193&#8243; img_size=&#8221;medium&#8221;][vc_empty_space][vc_row_inner css=&#8221;.vc_custom_1631696686319{margin-top: 15px !important;}&#8221;][vc_column_inner width=&#8221;1\/2&#8243;][\/vc_column_inner][vc_column_inner width=&#8221;1\/2&#8243;][\/vc_column_inner][\/vc_row_inner][\/vc_column][vc_column width=&#8221;1\/2&#8243;][vc_gallery interval=&#8221;3&#8243; images=&#8221;6992&#8243; img_size=&#8221;460&#215;260&#8243;][vc_empty_space][vc_row_inner css=&#8221;.vc_custom_1631696686319{margin-top: 15px !important;}&#8221;][vc_column_inner width=&#8221;1\/2&#8243;][\/vc_column_inner][vc_column_inner width=&#8221;1\/2&#8243;][\/vc_column_inner][\/vc_row_inner][\/vc_column][\/vc_row][vc_row][vc_column][vc_separator css=&#8221;.vc_custom_1631870896225{margin-top: 80px !important;margin-bottom: 100px !important;}&#8221;][\/vc_column][\/vc_row][vc_row][vc_column width=&#8221;1\/2&#8243;][vc_gallery interval=&#8221;3&#8243; images=&#8221;6991&#8243; img_size=&#8221;medium&#8221;][vc_empty_space][vc_row_inner css=&#8221;.vc_custom_1631696686319{margin-top: 15px !important;}&#8221;][vc_column_inner width=&#8221;1\/2&#8243;][\/vc_column_inner][vc_column_inner width=&#8221;1\/2&#8243;][\/vc_column_inner][\/vc_row_inner][\/vc_column][vc_column width=&#8221;1\/2&#8243;][vc_gallery interval=&#8221;3&#8243; images=&#8221;6982,6983,6984&#8243; img_size=&#8221;400&#215;200&#8243;][vc_row_inner css=&#8221;.vc_custom_1631696686319{margin-top: 15px !important;}&#8221;][vc_column_inner [&hellip;]<\/p>\n","protected":false},"author":1,"featured_media":0,"parent":0,"menu_order":0,"comment_status":"closed","ping_status":"closed","template":"","meta":{"qubely_global_settings":"","qubely_interactions":"","_monsterinsights_skip_tracking":false,"_monsterinsights_sitenote_active":false,"_monsterinsights_sitenote_note":"","_monsterinsights_sitenote_category":0,"footnotes":""},"class_list":["post-7070","page","type-page","status-publish","hentry"],"yoast_head":"<!-- This site is optimized with the Yoast SEO plugin v27.4 - https:\/\/yoast.com\/product\/yoast-seo-wordpress\/ -->\n<title>Social causes - Legal Half-Marathon<\/title>\n<meta name=\"robots\" content=\"index, follow, max-snippet:-1, max-image-preview:large, max-video-preview:-1\" \/>\n<link rel=\"canonical\" href=\"https:\/\/legalrun.ro\/en\/social-causes\/\" \/>\n<meta property=\"og:locale\" content=\"en_US\" \/>\n<meta property=\"og:type\" content=\"article\" \/>\n<meta property=\"og:title\" content=\"Social causes - Legal Half-Marathon\" \/>\n<meta property=\"og:description\" content=\"[vc_row][vc_column][\/vc_column][\/vc_row][vc_row][vc_column width=&#8221;1\/2&#8243;][vc_gallery interval=&#8221;3&#8243; images=&#8221;7193&#8243; img_size=&#8221;medium&#8221;][vc_empty_space][vc_row_inner css=&#8221;.vc_custom_1631696686319{margin-top: 15px !important;}&#8221;][vc_column_inner width=&#8221;1\/2&#8243;][\/vc_column_inner][vc_column_inner width=&#8221;1\/2&#8243;][\/vc_column_inner][\/vc_row_inner][\/vc_column][vc_column width=&#8221;1\/2&#8243;][vc_gallery interval=&#8221;3&#8243; images=&#8221;6992&#8243; img_size=&#8221;460&#215;260&#8243;][vc_empty_space][vc_row_inner css=&#8221;.vc_custom_1631696686319{margin-top: 15px !important;}&#8221;][vc_column_inner width=&#8221;1\/2&#8243;][\/vc_column_inner][vc_column_inner width=&#8221;1\/2&#8243;][\/vc_column_inner][\/vc_row_inner][\/vc_column][\/vc_row][vc_row][vc_column][vc_separator css=&#8221;.vc_custom_1631870896225{margin-top: 80px !important;margin-bottom: 100px !important;}&#8221;][\/vc_column][\/vc_row][vc_row][vc_column width=&#8221;1\/2&#8243;][vc_gallery interval=&#8221;3&#8243; images=&#8221;6991&#8243; img_size=&#8221;medium&#8221;][vc_empty_space][vc_row_inner css=&#8221;.vc_custom_1631696686319{margin-top: 15px !important;}&#8221;][vc_column_inner width=&#8221;1\/2&#8243;][\/vc_column_inner][vc_column_inner width=&#8221;1\/2&#8243;][\/vc_column_inner][\/vc_row_inner][\/vc_column][vc_column width=&#8221;1\/2&#8243;][vc_gallery interval=&#8221;3&#8243; images=&#8221;6982,6983,6984&#8243; img_size=&#8221;400&#215;200&#8243;][vc_row_inner css=&#8221;.vc_custom_1631696686319{margin-top: 15px !important;}&#8221;][vc_column_inner [&hellip;]\" \/>\n<meta property=\"og:url\" content=\"https:\/\/legalrun.ro\/en\/social-causes\/\" \/>\n<meta property=\"og:site_name\" content=\"Legal Half-Marathon\" \/>\n<meta property=\"article:modified_time\" content=\"2023-02-14T13:04:34+00:00\" \/>\n<meta name=\"twitter:card\" content=\"summary_large_image\" \/>\n<meta name=\"twitter:label1\" content=\"Est. reading time\" \/>\n\t<meta name=\"twitter:data1\" content=\"7 minutes\" \/>\n<script type=\"application\/ld+json\" class=\"yoast-schema-graph\">{\"@context\":\"https:\\\/\\\/schema.org\",\"@graph\":[{\"@type\":\"WebPage\",\"@id\":\"https:\\\/\\\/legalrun.ro\\\/en\\\/social-causes\\\/\",\"url\":\"https:\\\/\\\/legalrun.ro\\\/en\\\/social-causes\\\/\",\"name\":\"Social causes - Legal Half-Marathon\",\"isPartOf\":{\"@id\":\"https:\\\/\\\/legalrun.ro\\\/en\\\/#website\"},\"datePublished\":\"2021-08-30T10:44:13+00:00\",\"dateModified\":\"2023-02-14T13:04:34+00:00\",\"breadcrumb\":{\"@id\":\"https:\\\/\\\/legalrun.ro\\\/en\\\/social-causes\\\/#breadcrumb\"},\"inLanguage\":\"en-US\",\"potentialAction\":[{\"@type\":\"ReadAction\",\"target\":[\"https:\\\/\\\/legalrun.ro\\\/en\\\/social-causes\\\/\"]}]},{\"@type\":\"BreadcrumbList\",\"@id\":\"https:\\\/\\\/legalrun.ro\\\/en\\\/social-causes\\\/#breadcrumb\",\"itemListElement\":[{\"@type\":\"ListItem\",\"position\":1,\"name\":\"Prima pagin\u0103\",\"item\":\"https:\\\/\\\/legalrun.ro\\\/en\\\/\"},{\"@type\":\"ListItem\",\"position\":2,\"name\":\"Social causes\"}]},{\"@type\":\"WebSite\",\"@id\":\"https:\\\/\\\/legalrun.ro\\\/en\\\/#website\",\"url\":\"https:\\\/\\\/legalrun.ro\\\/en\\\/\",\"name\":\"Legal Half-Marathon\",\"description\":\"Legally Happy in Bucharest\",\"potentialAction\":[{\"@type\":\"SearchAction\",\"target\":{\"@type\":\"EntryPoint\",\"urlTemplate\":\"https:\\\/\\\/legalrun.ro\\\/en\\\/?s={search_term_string}\"},\"query-input\":{\"@type\":\"PropertyValueSpecification\",\"valueRequired\":true,\"valueName\":\"search_term_string\"}}],\"inLanguage\":\"en-US\"}]}<\/script>\n<!-- \/ Yoast SEO plugin. -->","yoast_head_json":{"title":"Social causes - Legal Half-Marathon","robots":{"index":"index","follow":"follow","max-snippet":"max-snippet:-1","max-image-preview":"max-image-preview:large","max-video-preview":"max-video-preview:-1"},"canonical":"https:\/\/legalrun.ro\/en\/social-causes\/","og_locale":"en_US","og_type":"article","og_title":"Social causes - Legal Half-Marathon","og_description":"[vc_row][vc_column][\/vc_column][\/vc_row][vc_row][vc_column width=&#8221;1\/2&#8243;][vc_gallery interval=&#8221;3&#8243; images=&#8221;7193&#8243; img_size=&#8221;medium&#8221;][vc_empty_space][vc_row_inner css=&#8221;.vc_custom_1631696686319{margin-top: 15px !important;}&#8221;][vc_column_inner width=&#8221;1\/2&#8243;][\/vc_column_inner][vc_column_inner width=&#8221;1\/2&#8243;][\/vc_column_inner][\/vc_row_inner][\/vc_column][vc_column width=&#8221;1\/2&#8243;][vc_gallery interval=&#8221;3&#8243; images=&#8221;6992&#8243; img_size=&#8221;460&#215;260&#8243;][vc_empty_space][vc_row_inner css=&#8221;.vc_custom_1631696686319{margin-top: 15px !important;}&#8221;][vc_column_inner width=&#8221;1\/2&#8243;][\/vc_column_inner][vc_column_inner width=&#8221;1\/2&#8243;][\/vc_column_inner][\/vc_row_inner][\/vc_column][\/vc_row][vc_row][vc_column][vc_separator css=&#8221;.vc_custom_1631870896225{margin-top: 80px !important;margin-bottom: 100px !important;}&#8221;][\/vc_column][\/vc_row][vc_row][vc_column width=&#8221;1\/2&#8243;][vc_gallery interval=&#8221;3&#8243; images=&#8221;6991&#8243; img_size=&#8221;medium&#8221;][vc_empty_space][vc_row_inner css=&#8221;.vc_custom_1631696686319{margin-top: 15px !important;}&#8221;][vc_column_inner width=&#8221;1\/2&#8243;][\/vc_column_inner][vc_column_inner width=&#8221;1\/2&#8243;][\/vc_column_inner][\/vc_row_inner][\/vc_column][vc_column width=&#8221;1\/2&#8243;][vc_gallery interval=&#8221;3&#8243; images=&#8221;6982,6983,6984&#8243; img_size=&#8221;400&#215;200&#8243;][vc_row_inner css=&#8221;.vc_custom_1631696686319{margin-top: 15px !important;}&#8221;][vc_column_inner [&hellip;]","og_url":"https:\/\/legalrun.ro\/en\/social-causes\/","og_site_name":"Legal Half-Marathon","article_modified_time":"2023-02-14T13:04:34+00:00","twitter_card":"summary_large_image","twitter_misc":{"Est. reading time":"7 minutes"},"schema":{"@context":"https:\/\/schema.org","@graph":[{"@type":"WebPage","@id":"https:\/\/legalrun.ro\/en\/social-causes\/","url":"https:\/\/legalrun.ro\/en\/social-causes\/","name":"Social causes - Legal Half-Marathon","isPartOf":{"@id":"https:\/\/legalrun.ro\/en\/#website"},"datePublished":"2021-08-30T10:44:13+00:00","dateModified":"2023-02-14T13:04:34+00:00","breadcrumb":{"@id":"https:\/\/legalrun.ro\/en\/social-causes\/#breadcrumb"},"inLanguage":"en-US","potentialAction":[{"@type":"ReadAction","target":["https:\/\/legalrun.ro\/en\/social-causes\/"]}]},{"@type":"BreadcrumbList","@id":"https:\/\/legalrun.ro\/en\/social-causes\/#breadcrumb","itemListElement":[{"@type":"ListItem","position":1,"name":"Prima pagin\u0103","item":"https:\/\/legalrun.ro\/en\/"},{"@type":"ListItem","position":2,"name":"Social causes"}]},{"@type":"WebSite","@id":"https:\/\/legalrun.ro\/en\/#website","url":"https:\/\/legalrun.ro\/en\/","name":"Legal Half-Marathon","description":"Legally Happy in Bucharest","potentialAction":[{"@type":"SearchAction","target":{"@type":"EntryPoint","urlTemplate":"https:\/\/legalrun.ro\/en\/?s={search_term_string}"},"query-input":{"@type":"PropertyValueSpecification","valueRequired":true,"valueName":"search_term_string"}}],"inLanguage":"en-US"}]}},"_links":{"self":[{"href":"https:\/\/legalrun.ro\/en\/wp-json\/wp\/v2\/pages\/7070","targetHints":{"allow":["GET"]}}],"collection":[{"href":"https:\/\/legalrun.ro\/en\/wp-json\/wp\/v2\/pages"}],"about":[{"href":"https:\/\/legalrun.ro\/en\/wp-json\/wp\/v2\/types\/page"}],"author":[{"embeddable":true,"href":"https:\/\/legalrun.ro\/en\/wp-json\/wp\/v2\/users\/1"}],"replies":[{"embeddable":true,"href":"https:\/\/legalrun.ro\/en\/wp-json\/wp\/v2\/comments?post=7070"}],"version-history":[{"count":0,"href":"https:\/\/legalrun.ro\/en\/wp-json\/wp\/v2\/pages\/7070\/revisions"}],"wp:attachment":[{"href":"https:\/\/legalrun.ro\/en\/wp-json\/wp\/v2\/media?parent=7070"}],"curies":[{"name":"wp","href":"https:\/\/api.w.org\/{rel}","templated":true}]}}