{"id":7117,"date":"2021-08-20T13:30:26","date_gmt":"2021-08-20T10:30:26","guid":{"rendered":"https:\/\/legalrun.ro\/participants-info\/event-schedule\/"},"modified":"2026-03-16T21:12:10","modified_gmt":"2026-03-16T19:12:10","slug":"event-schedule","status":"publish","type":"page","link":"https:\/\/legalrun.ro\/en\/participants-info\/event-schedule\/","title":{"rendered":"Event schedule"},"content":{"rendered":"<p>[vc_row][vc_column width=&#8221;1\/2&#8243;][vc_column_text]<\/p>\n<h4><span style=\"color: #ff0000;\">Vineri \u2013 20 martie 2026<\/span><\/h4>\n<p>[\/vc_column_text][vc_column_text]<strong>Sport Guru Unirii, Bulevardul Unirii 69, Bucure\u0219ti 030829\u00a0<a href=\"https:\/\/maps.app.goo.gl\/eRce3FJtN5CYrKJa7\" target=\"_blank\" rel=\"noopener\">[ harta ]<\/a><\/strong><\/p>\n<p><span style=\"font-weight: 400;\">15:00 \u2013 19:30 \u2013 Predare kituri pentru toate probele (inclusiv copii)<\/span><span style=\"font-weight: 400;\"><br \/>\n<\/span>[\/vc_column_text][\/vc_column][vc_column width=&#8221;1\/2&#8243;][vc_column_text]<\/p>\n<h4><span style=\"color: #ff0000;\">S\u00e2mb\u0103t\u0103 \u2013 21 martie 2026<\/span><\/h4>\n<p>[\/vc_column_text][vc_column_text]<span style=\"font-weight: 400;\"><strong>Sport Guru Unirii, Bulevardul Unirii 69, Bucure\u0219ti 030829\u00a0<a href=\"https:\/\/maps.app.goo.gl\/eRce3FJtN5CYrKJa7\" target=\"_blank\" rel=\"noopener\">[ harta ]<\/a><\/strong><\/span><\/p>\n<p><span style=\"font-weight: 400;\">10:30 \u2013 16:30 \u2013 Predare kituri pentru toate probele (inclusiv copii)<\/span>[\/vc_column_text][\/vc_column][\/vc_row][vc_row][vc_column][vc_column_text]<\/p>\n<h4><span style=\"color: #ff0000;\">Duminic\u0103 \u2013 22 martie 2026<\/span><\/h4>\n<p><strong>zona START \/ SOSIRE, bd. Unirii 37 [<a href=\"https:\/\/maps.app.goo.gl\/D1EoQnQxUVPTgYdn7\">harta<\/a>]<\/strong>[\/vc_column_text][vc_row_inner][vc_column_inner width=&#8221;1\/2&#8243;][vc_column_text]<\/p>\n<h4 style=\"text-align: left;\">Semimaraton \/\/ Semimaraton \u0218tafet\u0103 \/\/ Cursa 10K \/\/ Cursa 3K<\/h4>\n<table class=\" alignleft\">\n<tbody>\n<tr>\n<td style=\"text-align: left;\"><span style=\"font-weight: 400;\">07:15 \u2013 08:25<\/span><\/td>\n<td style=\"text-align: left;\">Predare kituri Cursa 10K doar pentru concuren\u021bi <span style=\"font-weight: 400;\">care nu au domiciliul in Bucure\u0219ti<\/span><\/td>\n<\/tr>\n<tr>\n<td style=\"text-align: left;\"><span style=\"font-weight: 400;\">07:30 \u2013 08:25<\/span><\/td>\n<td style=\"text-align: left;\"><span style=\"font-weight: 400;\">se deschide garderoba (vestiare \u0219i primire bagaje)<\/span><\/td>\n<\/tr>\n<tr>\n<td style=\"text-align: left;\"><span style=\"font-weight: 400;\">08:10 \u2013 08:25<\/span><\/td>\n<td style=\"text-align: left;\"><span style=\"font-weight: 400;\">\u00cenc\u0103lzire cu instructori specializa\u021bi pentru Cursa 10K<\/span><\/td>\n<\/tr>\n<tr>\n<td><span style=\"font-weight: 400;\">08:30<\/span><\/td>\n<td><strong>START<\/strong> Cursa 10K<\/td>\n<\/tr>\n<tr>\n<td style=\"text-align: left;\"><span style=\"font-weight: 400;\">08:40 \u2013 9:45<\/span><\/td>\n<td>Predare kituri Semimaraton \/\/ Semimaraton \u0218tafet\u0103 \/\/ Cursa 3K doar pentru concuren\u021bi <span style=\"font-weight: 400;\">care nu au domiciliul in Bucure\u0219ti<\/span><\/td>\n<\/tr>\n<tr>\n<td style=\"text-align: left;\"><span style=\"font-weight: 400;\">09:30 \u2013 9:45<\/span><\/td>\n<td><span style=\"font-weight: 400;\">\u00cenc\u0103lzire cu instructori specializa\u021bi pentru Semimaraton \/\/ Semimaraton \u0218tafet\u0103 \/\/ Cursa 3K<\/span><\/td>\n<\/tr>\n<tr>\n<td style=\"text-align: left;\">10:00<\/td>\n<td><span style=\"font-weight: 400;\"><strong>START<\/strong> Semimaraton \/\/ Semimaraton \u0218tafet\u0103 \/\/ Cursa 3K<\/span><\/td>\n<\/tr>\n<\/tbody>\n<\/table>\n<p>[\/vc_column_text][\/vc_column_inner][vc_column_inner width=&#8221;1\/2&#8243;][vc_column_text]<\/p>\n<h4 style=\"text-align: left;\">Cursa Copiilor<\/h4>\n<table class=\" alignleft\">\n<tbody>\n<tr>\n<td style=\"text-align: left;\">10:30 \u2013 12:45<\/td>\n<td style=\"text-align: left;\"><span style=\"font-weight: 400;\">Predare kituri c\u0103tre un p\u0103rinte sau tutore legal.<\/span><\/td>\n<\/tr>\n<tr>\n<td style=\"text-align: left;\"><span style=\"font-weight: 400;\">12:40 \u2013 12:55<\/span><\/td>\n<td style=\"text-align: left;\"><span style=\"font-weight: 400;\">\u00cenc\u0103lzire cu instructori specializa\u021bi pentru cursa copiilor<\/span><\/td>\n<\/tr>\n<tr>\n<td>13:00 \u2013 13:45<\/td>\n<td><strong>START<\/strong> \u00een valuri curse copii<\/td>\n<\/tr>\n<\/tbody>\n<\/table>\n<p>[\/vc_column_text][\/vc_column_inner][\/vc_row_inner][vc_row_inner][vc_column_inner width=&#8221;1\/2&#8243;][vc_column_text]<\/p>\n<h4 style=\"text-align: left;\"><strong>Festivitatea de premiere<\/strong><\/h4>\n<table class=\" alignleft\">\n<tbody>\n<tr>\n<td style=\"text-align: left;\">10:20<\/td>\n<td style=\"text-align: left;\">Festivitate premiere 1A \u2013 Cursa 10K (OPEN, categorii de v\u00e2rst\u0103, profesii juridice), Cursa 3K<\/td>\n<\/tr>\n<tr>\n<td style=\"text-align: left;\">11:30<\/td>\n<td style=\"text-align: left;\">Festivitate premiere Festivitate premiere 1B \u2013 Semimaraton Individual (OPEN) \u0219i Semimaraton \u0218tafet\u0103 (Public general si Profesii Juridice<\/td>\n<\/tr>\n<tr>\n<td>13:40<\/td>\n<td style=\"text-align: left;\">Festivitate premiere 2 \u2013 Semimaraton Individual (categorii de v\u00e2rst\u0103, profesii juridice), Semimaraton \u0218tafet\u0103 (Profesii Juridice &#8211; daca este cazul), Cursele copiilor<\/td>\n<\/tr>\n<tr>\n<td><\/td>\n<td style=\"text-align: left;\">Festivitatile de premiere pentru Campionatele Nationale se vor desfasura dupa incheierea festivitatilor pentru cursele open si cursele copiilor.<\/td>\n<\/tr>\n<\/tbody>\n<\/table>\n<p>[\/vc_column_text][\/vc_column_inner][\/vc_row_inner][\/vc_column][\/vc_row]<\/p>\n","protected":false},"excerpt":{"rendered":"<p>[vc_row][vc_column width=&#8221;1\/2&#8243;][vc_column_text] Vineri \u2013 20 martie 2026 [\/vc_column_text][vc_column_text]Sport Guru Unirii, Bulevardul Unirii 69, Bucure\u0219ti 030829\u00a0[ harta ] 15:00 \u2013 19:30 \u2013 Predare kituri pentru toate probele (inclusiv copii) [\/vc_column_text][\/vc_column][vc_column width=&#8221;1\/2&#8243;][vc_column_text] S\u00e2mb\u0103t\u0103 \u2013 21 martie 2026 [\/vc_column_text][vc_column_text]Sport Guru Unirii, Bulevardul Unirii [&hellip;]<\/p>\n","protected":false},"author":1,"featured_media":0,"parent":7065,"menu_order":0,"comment_status":"closed","ping_status":"closed","template":"","meta":{"qubely_global_settings":"","qubely_interactions":"","_monsterinsights_skip_tracking":false,"_monsterinsights_sitenote_active":false,"_monsterinsights_sitenote_note":"","_monsterinsights_sitenote_category":0,"footnotes":""},"class_list":["post-7117","page","type-page","status-publish","hentry"],"yoast_head":"<!-- This site is optimized with the Yoast SEO plugin v27.5 - https:\/\/yoast.com\/product\/yoast-seo-wordpress\/ -->\n<title>Event schedule - Legal Half-Marathon<\/title>\n<meta name=\"robots\" content=\"index, follow, max-snippet:-1, max-image-preview:large, max-video-preview:-1\" \/>\n<link rel=\"canonical\" href=\"https:\/\/legalrun.ro\/en\/participants-info\/event-schedule\/\" \/>\n<meta property=\"og:locale\" content=\"en_US\" \/>\n<meta property=\"og:type\" content=\"article\" \/>\n<meta property=\"og:title\" content=\"Event schedule - Legal Half-Marathon\" \/>\n<meta property=\"og:description\" content=\"[vc_row][vc_column width=&#8221;1\/2&#8243;][vc_column_text] Vineri \u2013 20 martie 2026 [\/vc_column_text][vc_column_text]Sport Guru Unirii, Bulevardul Unirii 69, Bucure\u0219ti 030829\u00a0[ harta ] 15:00 \u2013 19:30 \u2013 Predare kituri pentru toate probele (inclusiv copii) [\/vc_column_text][\/vc_column][vc_column width=&#8221;1\/2&#8243;][vc_column_text] S\u00e2mb\u0103t\u0103 \u2013 21 martie 2026 [\/vc_column_text][vc_column_text]Sport Guru Unirii, Bulevardul Unirii [&hellip;]\" \/>\n<meta property=\"og:url\" content=\"https:\/\/legalrun.ro\/en\/participants-info\/event-schedule\/\" \/>\n<meta property=\"og:site_name\" content=\"Legal Half-Marathon\" \/>\n<meta property=\"article:modified_time\" content=\"2026-03-16T19:12:10+00:00\" \/>\n<meta name=\"twitter:card\" content=\"summary_large_image\" \/>\n<meta name=\"twitter:label1\" content=\"Est. reading time\" \/>\n\t<meta name=\"twitter:data1\" content=\"2 minutes\" \/>\n<script type=\"application\/ld+json\" class=\"yoast-schema-graph\">{\"@context\":\"https:\\\/\\\/schema.org\",\"@graph\":[{\"@type\":\"WebPage\",\"@id\":\"https:\\\/\\\/legalrun.ro\\\/en\\\/participants-info\\\/event-schedule\\\/\",\"url\":\"https:\\\/\\\/legalrun.ro\\\/en\\\/participants-info\\\/event-schedule\\\/\",\"name\":\"Event schedule - Legal Half-Marathon\",\"isPartOf\":{\"@id\":\"https:\\\/\\\/legalrun.ro\\\/en\\\/#website\"},\"datePublished\":\"2021-08-20T10:30:26+00:00\",\"dateModified\":\"2026-03-16T19:12:10+00:00\",\"breadcrumb\":{\"@id\":\"https:\\\/\\\/legalrun.ro\\\/en\\\/participants-info\\\/event-schedule\\\/#breadcrumb\"},\"inLanguage\":\"en-US\",\"potentialAction\":[{\"@type\":\"ReadAction\",\"target\":[\"https:\\\/\\\/legalrun.ro\\\/en\\\/participants-info\\\/event-schedule\\\/\"]}]},{\"@type\":\"BreadcrumbList\",\"@id\":\"https:\\\/\\\/legalrun.ro\\\/en\\\/participants-info\\\/event-schedule\\\/#breadcrumb\",\"itemListElement\":[{\"@type\":\"ListItem\",\"position\":1,\"name\":\"Prima pagin\u0103\",\"item\":\"https:\\\/\\\/legalrun.ro\\\/en\\\/\"},{\"@type\":\"ListItem\",\"position\":2,\"name\":\"Participants info\",\"item\":\"https:\\\/\\\/legalrun.ro\\\/en\\\/participants-info\\\/\"},{\"@type\":\"ListItem\",\"position\":3,\"name\":\"Event schedule\"}]},{\"@type\":\"WebSite\",\"@id\":\"https:\\\/\\\/legalrun.ro\\\/en\\\/#website\",\"url\":\"https:\\\/\\\/legalrun.ro\\\/en\\\/\",\"name\":\"Legal Half-Marathon\",\"description\":\"Legally Happy in Bucharest\",\"potentialAction\":[{\"@type\":\"SearchAction\",\"target\":{\"@type\":\"EntryPoint\",\"urlTemplate\":\"https:\\\/\\\/legalrun.ro\\\/en\\\/?s={search_term_string}\"},\"query-input\":{\"@type\":\"PropertyValueSpecification\",\"valueRequired\":true,\"valueName\":\"search_term_string\"}}],\"inLanguage\":\"en-US\"}]}<\/script>\n<!-- \/ Yoast SEO plugin. -->","yoast_head_json":{"title":"Event schedule - Legal Half-Marathon","robots":{"index":"index","follow":"follow","max-snippet":"max-snippet:-1","max-image-preview":"max-image-preview:large","max-video-preview":"max-video-preview:-1"},"canonical":"https:\/\/legalrun.ro\/en\/participants-info\/event-schedule\/","og_locale":"en_US","og_type":"article","og_title":"Event schedule - Legal Half-Marathon","og_description":"[vc_row][vc_column width=&#8221;1\/2&#8243;][vc_column_text] Vineri \u2013 20 martie 2026 [\/vc_column_text][vc_column_text]Sport Guru Unirii, Bulevardul Unirii 69, Bucure\u0219ti 030829\u00a0[ harta ] 15:00 \u2013 19:30 \u2013 Predare kituri pentru toate probele (inclusiv copii) [\/vc_column_text][\/vc_column][vc_column width=&#8221;1\/2&#8243;][vc_column_text] S\u00e2mb\u0103t\u0103 \u2013 21 martie 2026 [\/vc_column_text][vc_column_text]Sport Guru Unirii, Bulevardul Unirii [&hellip;]","og_url":"https:\/\/legalrun.ro\/en\/participants-info\/event-schedule\/","og_site_name":"Legal Half-Marathon","article_modified_time":"2026-03-16T19:12:10+00:00","twitter_card":"summary_large_image","twitter_misc":{"Est. reading time":"2 minutes"},"schema":{"@context":"https:\/\/schema.org","@graph":[{"@type":"WebPage","@id":"https:\/\/legalrun.ro\/en\/participants-info\/event-schedule\/","url":"https:\/\/legalrun.ro\/en\/participants-info\/event-schedule\/","name":"Event schedule - Legal Half-Marathon","isPartOf":{"@id":"https:\/\/legalrun.ro\/en\/#website"},"datePublished":"2021-08-20T10:30:26+00:00","dateModified":"2026-03-16T19:12:10+00:00","breadcrumb":{"@id":"https:\/\/legalrun.ro\/en\/participants-info\/event-schedule\/#breadcrumb"},"inLanguage":"en-US","potentialAction":[{"@type":"ReadAction","target":["https:\/\/legalrun.ro\/en\/participants-info\/event-schedule\/"]}]},{"@type":"BreadcrumbList","@id":"https:\/\/legalrun.ro\/en\/participants-info\/event-schedule\/#breadcrumb","itemListElement":[{"@type":"ListItem","position":1,"name":"Prima pagin\u0103","item":"https:\/\/legalrun.ro\/en\/"},{"@type":"ListItem","position":2,"name":"Participants info","item":"https:\/\/legalrun.ro\/en\/participants-info\/"},{"@type":"ListItem","position":3,"name":"Event schedule"}]},{"@type":"WebSite","@id":"https:\/\/legalrun.ro\/en\/#website","url":"https:\/\/legalrun.ro\/en\/","name":"Legal Half-Marathon","description":"Legally Happy in Bucharest","potentialAction":[{"@type":"SearchAction","target":{"@type":"EntryPoint","urlTemplate":"https:\/\/legalrun.ro\/en\/?s={search_term_string}"},"query-input":{"@type":"PropertyValueSpecification","valueRequired":true,"valueName":"search_term_string"}}],"inLanguage":"en-US"}]}},"_links":{"self":[{"href":"https:\/\/legalrun.ro\/en\/wp-json\/wp\/v2\/pages\/7117","targetHints":{"allow":["GET"]}}],"collection":[{"href":"https:\/\/legalrun.ro\/en\/wp-json\/wp\/v2\/pages"}],"about":[{"href":"https:\/\/legalrun.ro\/en\/wp-json\/wp\/v2\/types\/page"}],"author":[{"embeddable":true,"href":"https:\/\/legalrun.ro\/en\/wp-json\/wp\/v2\/users\/1"}],"replies":[{"embeddable":true,"href":"https:\/\/legalrun.ro\/en\/wp-json\/wp\/v2\/comments?post=7117"}],"version-history":[{"count":7,"href":"https:\/\/legalrun.ro\/en\/wp-json\/wp\/v2\/pages\/7117\/revisions"}],"predecessor-version":[{"id":9086,"href":"https:\/\/legalrun.ro\/en\/wp-json\/wp\/v2\/pages\/7117\/revisions\/9086"}],"up":[{"embeddable":true,"href":"https:\/\/legalrun.ro\/en\/wp-json\/wp\/v2\/pages\/7065"}],"wp:attachment":[{"href":"https:\/\/legalrun.ro\/en\/wp-json\/wp\/v2\/media?parent=7117"}],"curies":[{"name":"wp","href":"https:\/\/api.w.org\/{rel}","templated":true}]}}